{"id":63,"date":"2024-11-17T21:14:12","date_gmt":"2024-11-17T20:14:12","guid":{"rendered":"https:\/\/vanthevenin.fr\/?page_id=63"},"modified":"2024-11-17T21:14:12","modified_gmt":"2024-11-17T20:14:12","slug":"qui-suis-je","status":"publish","type":"page","link":"https:\/\/vanthevenin.fr\/index.php\/qui-suis-je\/","title":{"rendered":"Qui suis-je ?"},"content":{"rendered":"\n<p><br>Depuis le lyc\u00e9e, j\u2019imagine et dessine des plans d\u2019am\u00e9nagement. Ce qui a commenc\u00e9 comme une passion est devenu une vocation. Mon premier van, un Peugeot Boxer H1L1 avec seulement 1,50 m de hauteur apr\u00e8s isolation, m\u2019a permis de vivre une ann\u00e9e compl\u00e8te, m\u00eame en hiver.<\/p>\n\n\n\n<p>Aujourd\u2019hui, je vis avec ma compagne dans un 20 m\u00b3 stationn\u00e9 sur un terrain familial. On dit souvent que la passion du van est un virus. Pour moi, c\u2019est une n\u00e9vrose joyeuse, un mode de vie qui refl\u00e8te mes valeurs : simplicit\u00e9, libert\u00e9 et respect de l\u2019environnement.<\/p>\n\n\n<div class=\"wp-block-image\">\n<figure class=\"aligncenter size-full is-resized\"><img loading=\"lazy\" decoding=\"async\" width=\"714\" height=\"562\" src=\"https:\/\/vanthevenin.fr\/wp-content\/uploads\/2024\/11\/photo_2024-10-07_12-35-09-1.jpg\" alt=\"\" class=\"wp-image-65\" style=\"width:367px;height:auto\" srcset=\"https:\/\/vanthevenin.fr\/wp-content\/uploads\/2024\/11\/photo_2024-10-07_12-35-09-1.jpg 714w, https:\/\/vanthevenin.fr\/wp-content\/uploads\/2024\/11\/photo_2024-10-07_12-35-09-1-300x236.jpg 300w\" sizes=\"auto, (max-width: 714px) 100vw, 714px\" \/><\/figure>\n<\/div>","protected":false},"excerpt":{"rendered":"<p>Depuis le lyc\u00e9e, j\u2019imagine et dessine des plans d\u2019am\u00e9nagement. Ce qui a commenc\u00e9 comme une passion est devenu une vocation. Mon premier van, un Peugeot Boxer H1L1 avec seulement 1,50 m de hauteur apr\u00e8s isolation, m\u2019a permis de vivre une <a class=\"more-link\" href=\"https:\/\/vanthevenin.fr\/index.php\/qui-suis-je\/\">Continue reading <span class=\"screen-reader-text\">  Qui suis-je ?<\/span><span class=\"meta-nav\">&rarr;<\/span><\/a><\/p>\n","protected":false},"author":1,"featured_media":0,"parent":0,"menu_order":0,"comment_status":"closed","ping_status":"closed","template":"","meta":{"footnotes":""},"class_list":["post-63","page","type-page","status-publish","hentry"],"_links":{"self":[{"href":"https:\/\/vanthevenin.fr\/index.php\/wp-json\/wp\/v2\/pages\/63","targetHints":{"allow":["GET"]}}],"collection":[{"href":"https:\/\/vanthevenin.fr\/index.php\/wp-json\/wp\/v2\/pages"}],"about":[{"href":"https:\/\/vanthevenin.fr\/index.php\/wp-json\/wp\/v2\/types\/page"}],"author":[{"embeddable":true,"href":"https:\/\/vanthevenin.fr\/index.php\/wp-json\/wp\/v2\/users\/1"}],"replies":[{"embeddable":true,"href":"https:\/\/vanthevenin.fr\/index.php\/wp-json\/wp\/v2\/comments?post=63"}],"version-history":[{"count":1,"href":"https:\/\/vanthevenin.fr\/index.php\/wp-json\/wp\/v2\/pages\/63\/revisions"}],"predecessor-version":[{"id":66,"href":"https:\/\/vanthevenin.fr\/index.php\/wp-json\/wp\/v2\/pages\/63\/revisions\/66"}],"wp:attachment":[{"href":"https:\/\/vanthevenin.fr\/index.php\/wp-json\/wp\/v2\/media?parent=63"}],"curies":[{"name":"wp","href":"https:\/\/api.w.org\/{rel}","templated":true}]}}