{"id":29,"date":"2024-09-21T00:51:32","date_gmt":"2024-09-20T22:51:32","guid":{"rendered":"https:\/\/vanthevenin.fr\/?page_id=29"},"modified":"2024-11-17T21:00:59","modified_gmt":"2024-11-17T20:00:59","slug":"ethique","status":"publish","type":"page","link":"https:\/\/vanthevenin.fr\/index.php\/ethique\/","title":{"rendered":"\u00c9thique"},"content":{"rendered":"\n<h2 class=\"wp-block-heading\">Mon engagement : un am\u00e9nagement \u00e9thique et \u00e9cologique<\/h2>\n\n\n\n<h3 class=\"wp-block-heading\">Un habitat \u00e9cologique par nature<\/h3>\n\n\n\n<p>Vivre dans un van, c\u2019est opter pour un mode de vie minimaliste et respectueux de l\u2019environnement. Gr\u00e2ce \u00e0 sa taille r\u00e9duite, le van consomme moins d\u2019\u00e9nergie pour le chauffage, ce qui limite son empreinte \u00e9cologique. Lors de l\u2019am\u00e9nagement, je recherche toujours un \u00e9quilibre entre performance \u00e9nerg\u00e9tique et confort.<\/p>\n\n\n\n<p>Par exemple, je pourrais mettre 20 cm d\u2019isolant au plafond, mais cela emp\u00eacherait de se tenir debout. Ce compromis est crucial pour garantir un espace \u00e0 la fois pratique et \u00e9conome en \u00e9nergie. Et vivre dans un van incite naturellement \u00e0 adopter un mode de vie minimaliste. Personnellement, cette simplicit\u00e9 est devenue une v\u00e9ritable philosophie de vie.<\/p>\n\n\n\n<h4 class=\"wp-block-heading\">Voyager avec un van : une alternative responsable<\/h4>\n\n\n\n<p>Utiliser un van pour voyager est une solution bien moins impactante que l\u2019avion, surtout quand on voyage \u00e0 plusieurs (source : <a href=\"https:\/\/agirpourlatransition.ademe.fr\/particuliers\/bureau\/calculer-emissions-carbone-trajets\">ADEME<\/a>). De plus, le van remplace avantageusement les locations saisonni\u00e8res, qui contribuent \u00e0 l\u2019artificialisation des sols et \u00e0 la hausse des prix immobiliers, souvent au d\u00e9triment des habitants locaux.<\/p>\n\n\n\n<h4 class=\"wp-block-heading\">Et le budget ?<\/h4>\n\n\n\n<ul class=\"wp-block-list\">\n<li><strong>Pour vivre<\/strong> : Am\u00e9nager un van, m\u00eame avec des mat\u00e9riaux haut de gamme, s\u2019amortit rapidement compar\u00e9 aux loyers souvent \u00e9lev\u00e9s.<\/li>\n\n\n\n<li><strong>Pour voyager<\/strong> : Prenez un van \u00e0 10 000 \u20ac. Si vous \u00e9conomisez 2 000 \u20ac par an sur les locations, il sera rentabilis\u00e9 en 5 ans. En plus, il offre une libert\u00e9 totale pour explorer des destinations souvent inaccessibles avec un petit budget.<\/li>\n<\/ul>\n\n\n\n<figure class=\"wp-block-image size-large\"><img loading=\"lazy\" decoding=\"async\" width=\"1024\" height=\"682\" src=\"https:\/\/vanthevenin.fr\/wp-content\/uploads\/2024\/09\/car-1455746_1280-1024x682.jpg\" alt=\"\" class=\"wp-image-42\" srcset=\"https:\/\/vanthevenin.fr\/wp-content\/uploads\/2024\/09\/car-1455746_1280-1024x682.jpg 1024w, https:\/\/vanthevenin.fr\/wp-content\/uploads\/2024\/09\/car-1455746_1280-300x200.jpg 300w, https:\/\/vanthevenin.fr\/wp-content\/uploads\/2024\/09\/car-1455746_1280-768x512.jpg 768w, https:\/\/vanthevenin.fr\/wp-content\/uploads\/2024\/09\/car-1455746_1280.jpg 1280w\" sizes=\"auto, (max-width: 1024px) 100vw, 1024px\" \/><\/figure>\n\n\n\n<hr class=\"wp-block-separator has-alpha-channel-opacity\"\/>\n\n\n\n<h3 class=\"wp-block-heading\">Un am\u00e9nagement pens\u00e9 pour l&#8217;\u00e9cologie<\/h3>\n\n\n\n<h4 class=\"wp-block-heading\">Le choix des mat\u00e9riaux<\/h4>\n\n\n\n<p>Je privil\u00e9gie des mat\u00e9riaux durables et adapt\u00e9s \u00e0 l\u2019usage, en trouvant un \u00e9quilibre entre pragmatisme et \u00e9cologie. Par exemple :<\/p>\n\n\n\n<ul class=\"wp-block-list\">\n<li><strong>Le sol en panneaux de polyur\u00e9thane<\/strong> : ils offrent une isolation thermique exceptionnelle, sont l\u00e9gers, imputrescibles et permettent de r\u00e9duire la consommation de carburant gr\u00e2ce \u00e0 leur faible poids.<\/li>\n\n\n\n<li><strong>Les alternatives biosourc\u00e9es<\/strong> : selon les projets, j\u2019ai d\u00e9j\u00e0 utilis\u00e9 des mat\u00e9riaux comme le li\u00e8ge expans\u00e9 pour r\u00e9pondre \u00e0 des demandes sp\u00e9cifiques.<\/li>\n<\/ul>\n\n\n\n<h4 class=\"wp-block-heading\">Une attention particuli\u00e8re \u00e0 la qualit\u00e9 de l\u2019air<\/h4>\n\n\n\n<p>Pour garantir un environnement sain \u00e0 l\u2019int\u00e9rieur du van, j\u2019utilise des mat\u00e9riaux not\u00e9s A+ en termes d\u2019\u00e9missions de COV (compos\u00e9s organiques volatils). Par exemple, le contreplaqu\u00e9 est verni avec des produits A+ pour limiter la pollution de l\u2019air int\u00e9rieur.<\/p>\n","protected":false},"excerpt":{"rendered":"<p>Mon engagement : un am\u00e9nagement \u00e9thique et \u00e9cologique Un habitat \u00e9cologique par nature Vivre dans un van, c\u2019est opter pour un mode de vie minimaliste et respectueux de l\u2019environnement. Gr\u00e2ce \u00e0 sa taille r\u00e9duite, le van consomme moins d\u2019\u00e9nergie pour <a class=\"more-link\" href=\"https:\/\/vanthevenin.fr\/index.php\/ethique\/\">Continue reading <span class=\"screen-reader-text\">  \u00c9thique<\/span><span class=\"meta-nav\">&rarr;<\/span><\/a><\/p>\n","protected":false},"author":1,"featured_media":0,"parent":0,"menu_order":0,"comment_status":"closed","ping_status":"closed","template":"","meta":{"footnotes":""},"class_list":["post-29","page","type-page","status-publish","hentry"],"_links":{"self":[{"href":"https:\/\/vanthevenin.fr\/index.php\/wp-json\/wp\/v2\/pages\/29","targetHints":{"allow":["GET"]}}],"collection":[{"href":"https:\/\/vanthevenin.fr\/index.php\/wp-json\/wp\/v2\/pages"}],"about":[{"href":"https:\/\/vanthevenin.fr\/index.php\/wp-json\/wp\/v2\/types\/page"}],"author":[{"embeddable":true,"href":"https:\/\/vanthevenin.fr\/index.php\/wp-json\/wp\/v2\/users\/1"}],"replies":[{"embeddable":true,"href":"https:\/\/vanthevenin.fr\/index.php\/wp-json\/wp\/v2\/comments?post=29"}],"version-history":[{"count":3,"href":"https:\/\/vanthevenin.fr\/index.php\/wp-json\/wp\/v2\/pages\/29\/revisions"}],"predecessor-version":[{"id":61,"href":"https:\/\/vanthevenin.fr\/index.php\/wp-json\/wp\/v2\/pages\/29\/revisions\/61"}],"wp:attachment":[{"href":"https:\/\/vanthevenin.fr\/index.php\/wp-json\/wp\/v2\/media?parent=29"}],"curies":[{"name":"wp","href":"https:\/\/api.w.org\/{rel}","templated":true}]}}