{"id":24,"date":"2024-09-20T20:15:19","date_gmt":"2024-09-20T18:15:19","guid":{"rendered":"https:\/\/vanthevenin.fr\/?page_id=24"},"modified":"2025-02-14T14:20:03","modified_gmt":"2025-02-14T13:20:03","slug":"accueil","status":"publish","type":"page","link":"https:\/\/vanthevenin.fr\/","title":{"rendered":"Van Thevenin &#8211; Un accompagnement sur-mesure pour votre van"},"content":{"rendered":"\n<p>Chez Van Thevenin, chaque projet d\u2019am\u00e9nagement est unique. Je vous accompagne \u00e0 chaque \u00e9tape pour transformer votre v\u00e9hicule en un espace fonctionnel, confortable et adapt\u00e9 \u00e0 votre mode de vie. Que vous recherchiez une solution abordable ou un am\u00e9nagement haut de gamme, chaque d\u00e9tail est con\u00e7u pour allier praticit\u00e9 et durabilit\u00e9.<br>Vous r\u00eavez de libert\u00e9, d\u2019aventures sur la route et de voyages en toute autonomie ?<br><br>Transformons vos r\u00eaves en r\u00e9alit\u00e9 en cr\u00e9ant des vans am\u00e9nag\u00e9s sur mesure, adapt\u00e9s \u00e0 vos envies et \u00e0 votre budget. C&#8217;est le d\u00e9but d\u2019une toute nouvelle vie\u2026 sur quatre roues !<\/p>\n\n\n\n<figure class=\"wp-block-image size-large\"><img loading=\"lazy\" decoding=\"async\" width=\"1024\" height=\"682\" src=\"https:\/\/vanthevenin.fr\/wp-content\/uploads\/2024\/09\/vw-bulli-1868890_1280-1-1024x682.jpg\" alt=\"\" class=\"wp-image-39\" srcset=\"https:\/\/vanthevenin.fr\/wp-content\/uploads\/2024\/09\/vw-bulli-1868890_1280-1-1024x682.jpg 1024w, https:\/\/vanthevenin.fr\/wp-content\/uploads\/2024\/09\/vw-bulli-1868890_1280-1-300x200.jpg 300w, https:\/\/vanthevenin.fr\/wp-content\/uploads\/2024\/09\/vw-bulli-1868890_1280-1-768x512.jpg 768w, https:\/\/vanthevenin.fr\/wp-content\/uploads\/2024\/09\/vw-bulli-1868890_1280-1.jpg 1280w\" sizes=\"auto, (max-width: 1024px) 100vw, 1024px\" \/><\/figure>\n\n\n\n<h3 class=\"wp-block-heading\"><strong>Bienvenue chez Van Thevenin<\/strong><\/h3>\n\n\n\n<h3 class=\"wp-block-heading\">Une \u00e9tude personnalis\u00e9e d\u00e8s le d\u00e9part<\/h3>\n\n\n\n<p>Tout commence par une analyse approfondie de votre projet. Je prends le temps de comprendre vos besoins, vos habitudes et les contraintes techniques de votre v\u00e9hicule. Cette approche permet de concevoir un am\u00e9nagement qui correspond parfaitement \u00e0 votre usage, que ce soit pour des escapades occasionnelles ou une vie en van \u00e0 plein temps.<\/p>\n\n\n\n<p>Chaque projet inclut :<\/p>\n\n\n\n<ul class=\"wp-block-list\">\n<li>Un bilan de vos attentes en termes d\u2019espace et d\u2019\u00e9quipements (\u00e9lectricit\u00e9, couchage, cuisine\u2026)<\/li>\n\n\n\n<li>Un choix de mat\u00e9riaux adapt\u00e9s \u00e0 la fois \u00e0 votre budget et \u00e0 votre engagement \u00e9cologique<\/li>\n\n\n\n<li>Une optimisation intelligente de l\u2019espace pour garantir confort et ergonomie<\/li>\n<\/ul>\n\n\n\n<h3 class=\"wp-block-heading\">Des solutions accessibles pour tous les budgets<\/h3>\n\n\n\n<p>Parce que la vanlife doit rester accessible, je propose des solutions adapt\u00e9es \u00e0 toutes les bourses sans compromis sur la qualit\u00e9. En s\u00e9lectionnant des mat\u00e9riaux durables et des \u00e9quipements au meilleur rapport qualit\u00e9-prix, je con\u00e7ois des am\u00e9nagements fonctionnels et esth\u00e9tiques, m\u00eame avec un budget serr\u00e9.<\/p>\n\n\n\n<blockquote class=\"wp-block-quote is-layout-flow wp-block-quote-is-layout-flow\">\n<p><strong>Exemple<\/strong> : Un am\u00e9nagement optimis\u00e9 peut transformer un van \u00e0 10 000 \u20ac en un espace de vie confortable, amorti en quelques ann\u00e9es gr\u00e2ce aux \u00e9conomies sur l\u2019h\u00e9bergement.<\/p>\n<\/blockquote>\n\n\n\n<h3 class=\"wp-block-heading\">Un savoir-faire technique pour des projets plus avanc\u00e9s<\/h3>\n\n\n\n<p>Pour les demandes sp\u00e9cifiques, je r\u00e9alise des am\u00e9nagements sur-mesure int\u00e9grant des solutions techniques avanc\u00e9es :<\/p>\n\n\n\n<ul class=\"wp-block-list\">\n<li><strong>Autonomie \u00e9nerg\u00e9tique<\/strong> : panneaux solaires, batteries lithium, gestion optimis\u00e9e de l\u2019\u00e9lectricit\u00e9<\/li>\n\n\n\n<li><strong>Isolation et confort thermique<\/strong> : choix de mat\u00e9riaux performants pour une meilleure r\u00e9gulation thermique<\/li>\n\n\n\n<li><strong>Am\u00e9nagements sp\u00e9cifiques<\/strong> : int\u00e9gration de rangements sur-mesure, projection de li\u00e8ge, solutions ergonomiques<\/li>\n<\/ul>\n\n\n\n<p>Chaque r\u00e9alisation est pens\u00e9e dans une d\u00e9marche alliant pragmatisme et performance, avec un souci constant de la qualit\u00e9 et de la durabilit\u00e9.<\/p>\n\n\n\n<h3 class=\"wp-block-heading\">Un accompagnement de A \u00e0 Z<\/h3>\n\n\n\n<p>Mon accompagnement ne s\u2019arr\u00eate pas \u00e0 la conception. Je reste \u00e0 vos c\u00f4t\u00e9s tout au long du projet : suivi d\u00e9taill\u00e9 des travaux, ajustements en cours d\u2019am\u00e9nagement et conseils apr\u00e8s la livraison. Parce qu\u2019un van bien pens\u00e9, c\u2019est un espace qui \u00e9volue avec vous et s\u2019adapte \u00e0 votre quotidien.<\/p>\n\n\n\n<h3 class=\"wp-block-heading\">Contactez-moi pour concr\u00e9tiser votre projet<\/h3>\n\n\n\n<p>Chez Van Thevenin, chaque van devient un espace de vie unique, pens\u00e9 pour vous et con\u00e7u avec passion. Que vous ayez une id\u00e9e pr\u00e9cise ou que vous cherchiez des conseils pour d\u00e9buter votre projet, parlons-en ensemble !<\/p>\n","protected":false},"excerpt":{"rendered":"<p>Chez Van Thevenin, chaque projet d\u2019am\u00e9nagement est unique. Je vous accompagne \u00e0 chaque \u00e9tape pour transformer votre v\u00e9hicule en un espace fonctionnel, confortable et adapt\u00e9 \u00e0 votre mode de vie. Que vous recherchiez une solution abordable ou un am\u00e9nagement haut <a class=\"more-link\" href=\"https:\/\/vanthevenin.fr\/\">Continue reading <span class=\"screen-reader-text\">  Van Thevenin &#8211; Un accompagnement sur-mesure pour votre van<\/span><span class=\"meta-nav\">&rarr;<\/span><\/a><\/p>\n","protected":false},"author":1,"featured_media":0,"parent":0,"menu_order":0,"comment_status":"closed","ping_status":"closed","template":"","meta":{"footnotes":""},"class_list":["post-24","page","type-page","status-publish","hentry"],"_links":{"self":[{"href":"https:\/\/vanthevenin.fr\/index.php\/wp-json\/wp\/v2\/pages\/24","targetHints":{"allow":["GET"]}}],"collection":[{"href":"https:\/\/vanthevenin.fr\/index.php\/wp-json\/wp\/v2\/pages"}],"about":[{"href":"https:\/\/vanthevenin.fr\/index.php\/wp-json\/wp\/v2\/types\/page"}],"author":[{"embeddable":true,"href":"https:\/\/vanthevenin.fr\/index.php\/wp-json\/wp\/v2\/users\/1"}],"replies":[{"embeddable":true,"href":"https:\/\/vanthevenin.fr\/index.php\/wp-json\/wp\/v2\/comments?post=24"}],"version-history":[{"count":8,"href":"https:\/\/vanthevenin.fr\/index.php\/wp-json\/wp\/v2\/pages\/24\/revisions"}],"predecessor-version":[{"id":69,"href":"https:\/\/vanthevenin.fr\/index.php\/wp-json\/wp\/v2\/pages\/24\/revisions\/69"}],"wp:attachment":[{"href":"https:\/\/vanthevenin.fr\/index.php\/wp-json\/wp\/v2\/media?parent=24"}],"curies":[{"name":"wp","href":"https:\/\/api.w.org\/{rel}","templated":true}]}}