{"id":12,"date":"2024-09-20T20:08:47","date_gmt":"2024-09-20T18:08:47","guid":{"rendered":"https:\/\/vanthevenin.fr\/?page_id=12"},"modified":"2025-02-14T14:24:14","modified_gmt":"2025-02-14T13:24:14","slug":"contact","status":"publish","type":"page","link":"https:\/\/vanthevenin.fr\/index.php\/contact\/","title":{"rendered":"Contact"},"content":{"rendered":"\n<p>Vous avez un projet d&#8217;am\u00e9nagement de van en t\u00eate ou des questions sur nos services ? Je suis l\u00e0 pour vous accompagner \u00e0 chaque \u00e9tape de la r\u00e9alisation de votre van sur mesure.<\/p>\n\n\n\n<h3 class=\"wp-block-heading\"><strong>Discutons de votre projet !<\/strong><\/h3>\n\n\n\n<p>N\u2019h\u00e9sitez pas \u00e0 me contacter pour :<\/p>\n\n\n\n<ul class=\"wp-block-list\">\n<li>Obtenir un devis personnalis\u00e9 pour l&#8217;am\u00e9nagement de votre van<\/li>\n\n\n\n<li>Discuter de vos besoins sp\u00e9cifiques en termes de confort et d\u2019\u00e9quipements<\/li>\n\n\n\n<li>Recevoir des conseils sur la conception et les options possibles<\/li>\n\n\n\n<li>Planifier une rencontre<\/li>\n<\/ul>\n\n\n\n<p>Je me ferai un plaisir de r\u00e9pondre \u00e0 toutes vos questions et de vous guider dans votre projet.<\/p>\n\n\n\n<hr class=\"wp-block-separator has-alpha-channel-opacity\"\/>\n\n\n\n<h2 class=\"wp-block-heading\"><strong>Coordonn\u00e9es<\/strong><\/h2>\n\n\n\n<p><strong>T\u00e9l\u00e9phone :<\/strong><br>06 49 13 32 31<\/p>\n\n\n\n<iframe src=\"https:\/\/www.google.com\/maps\/embed?pb=!1m18!1m12!1m3!1d5256.3304400190855!2d2.506146987512458!3d48.79782523103906!2m3!1f0!2f0!3f0!3m2!1i1024!2i768!4f13.1!3m3!1m2!1s0x47e60c447d876815%3A0x75ff0b266541d7be!2s9%20Rue%20Chappelier%2C%2094210%20Saint-Maur-des-Foss%C3%A9s!5e0!3m2!1sfr!2sfr!4v1726855642077!5m2!1sfr!2sfr\" width=\"600\" height=\"450\" style=\"border:0;\" allowfullscreen=\"\" loading=\"lazy\" referrerpolicy=\"no-referrer-when-downgrade\"><\/iframe>\n","protected":false},"excerpt":{"rendered":"<p>Vous avez un projet d&#8217;am\u00e9nagement de van en t\u00eate ou des questions sur nos services ? Je suis l\u00e0 pour vous accompagner \u00e0 chaque \u00e9tape de la r\u00e9alisation de votre van sur mesure. Discutons de votre projet ! N\u2019h\u00e9sitez pas <a class=\"more-link\" href=\"https:\/\/vanthevenin.fr\/index.php\/contact\/\">Continue reading <span class=\"screen-reader-text\">  Contact<\/span><span class=\"meta-nav\">&rarr;<\/span><\/a><\/p>\n","protected":false},"author":1,"featured_media":0,"parent":0,"menu_order":0,"comment_status":"closed","ping_status":"closed","template":"","meta":{"footnotes":""},"class_list":["post-12","page","type-page","status-publish","hentry"],"_links":{"self":[{"href":"https:\/\/vanthevenin.fr\/index.php\/wp-json\/wp\/v2\/pages\/12","targetHints":{"allow":["GET"]}}],"collection":[{"href":"https:\/\/vanthevenin.fr\/index.php\/wp-json\/wp\/v2\/pages"}],"about":[{"href":"https:\/\/vanthevenin.fr\/index.php\/wp-json\/wp\/v2\/types\/page"}],"author":[{"embeddable":true,"href":"https:\/\/vanthevenin.fr\/index.php\/wp-json\/wp\/v2\/users\/1"}],"replies":[{"embeddable":true,"href":"https:\/\/vanthevenin.fr\/index.php\/wp-json\/wp\/v2\/comments?post=12"}],"version-history":[{"count":3,"href":"https:\/\/vanthevenin.fr\/index.php\/wp-json\/wp\/v2\/pages\/12\/revisions"}],"predecessor-version":[{"id":71,"href":"https:\/\/vanthevenin.fr\/index.php\/wp-json\/wp\/v2\/pages\/12\/revisions\/71"}],"wp:attachment":[{"href":"https:\/\/vanthevenin.fr\/index.php\/wp-json\/wp\/v2\/media?parent=12"}],"curies":[{"name":"wp","href":"https:\/\/api.w.org\/{rel}","templated":true}]}}